{"id":173,"date":"2023-06-18T22:06:07","date_gmt":"2023-06-18T20:06:07","guid":{"rendered":"https:\/\/fpinop.wpia.uw.edu.pl\/?page_id=173"},"modified":"2025-12-02T13:48:15","modified_gmt":"2025-12-02T12:48:15","slug":"projekty","status":"publish","type":"page","link":"https:\/\/fpinop.wpia.uw.edu.pl\/index.php\/projekty\/","title":{"rendered":""},"content":{"rendered":"\n<div class=\"wp-block-group has-global-padding is-layout-constrained wp-container-core-group-is-layout-c06d165c wp-block-group-is-layout-constrained\" style=\"padding-top:0;padding-right:0;padding-bottom:0;padding-left:0\">\n<div class=\"wp-block-columns has-base-color has-accent-5-background-color has-text-color has-background has-link-color wp-elements-2098a91d18c282440124e88561f7d9bd is-layout-flex wp-container-core-columns-is-layout-4109350d wp-block-columns-is-layout-flex\" style=\"margin-top:0;margin-bottom:0;padding-top:0;padding-right:0;padding-bottom:0;padding-left:0;box-shadow:var(--wp--preset--shadow--crisp)\">\n<div class=\"wp-block-column is-layout-flow wp-block-column-is-layout-flow\" style=\"padding-right:0;padding-left:0\">\n<h2 class=\"wp-block-heading has-base-color has-accent-5-background-color has-text-color has-background has-link-color has-x-large-font-size wp-elements-219cbfee61bdef97196381fd0793f5cf\" style=\"margin-top:0;margin-bottom:0;padding-top:var(--wp--preset--spacing--50);padding-right:var(--wp--preset--spacing--60);padding-bottom:0;padding-left:var(--wp--preset--spacing--60)\"><strong>Nasze projekty badawcze<\/strong><\/h2>\n<\/div>\n<\/div>\n\n\n\n<div class=\"wp-block-columns has-base-color has-accent-5-background-color has-text-color has-background has-link-color wp-elements-d4baa9cb89a4319ed73a22f4a6cacab9 is-layout-flex wp-container-core-columns-is-layout-23c2acbd wp-block-columns-is-layout-flex\" style=\"margin-top:0;margin-bottom:0;padding-top:var(--wp--preset--spacing--40);padding-right:var(--wp--preset--spacing--60);padding-bottom:0;padding-left:var(--wp--preset--spacing--60);box-shadow:var(--wp--preset--shadow--crisp)\">\n<div class=\"wp-block-column is-layout-flow wp-block-column-is-layout-flow\" style=\"padding-right:0;padding-left:0\">\n<figure class=\"wp-block-image alignleft size-full has-custom-border\" style=\"margin-bottom:24px\"><img loading=\"lazy\" decoding=\"async\" width=\"336\" height=\"150\" src=\"https:\/\/fpinop.wpia.uw.edu.pl\/wp-content\/uploads\/2025\/05\/images.png\" alt=\"\" class=\"has-border-color has-base-border-color wp-image-1006\" style=\"border-width:7px\" srcset=\"https:\/\/fpinop.wpia.uw.edu.pl\/wp-content\/uploads\/2025\/05\/images.png 336w, https:\/\/fpinop.wpia.uw.edu.pl\/wp-content\/uploads\/2025\/05\/images-300x134.png 300w, https:\/\/fpinop.wpia.uw.edu.pl\/wp-content\/uploads\/2025\/05\/images-18x8.png 18w\" sizes=\"auto, (max-width: 336px) 100vw, 336px\" \/><\/figure>\n\n\n\n<h3 class=\"wp-block-heading has-medium-font-size\" style=\"line-height:1.6\"><strong>Prawnicze big data jako \u017ar\u00f3d\u0142o danych o nier\u00f3wno\u015bciach spo\u0142ecznych. Nier\u00f3wno\u015bci w zakresie legal capability w \u015bwietle danych z systemu nieodp\u0142atnej pomocy prawnej<\/strong><\/h3>\n\n\n\n<p class=\"has-medium-font-size\">Kierownik: dr hab. Jan Winczorek<br><br>Projekt finansowany przez IDUB<\/p>\n<\/div>\n\n\n\n<div class=\"wp-block-column is-layout-flow wp-block-column-is-layout-flow\" style=\"padding-right:0;padding-left:0\">\n<figure class=\"wp-block-image alignleft size-full\" style=\"margin-bottom:24px\"><img loading=\"lazy\" decoding=\"async\" width=\"1250\" height=\"625\" src=\"https:\/\/fpinop.wpia.uw.edu.pl\/wp-content\/uploads\/2025\/05\/ncn_opus.png\" alt=\"\" class=\"wp-image-1003\" srcset=\"https:\/\/fpinop.wpia.uw.edu.pl\/wp-content\/uploads\/2025\/05\/ncn_opus.png 1250w, https:\/\/fpinop.wpia.uw.edu.pl\/wp-content\/uploads\/2025\/05\/ncn_opus-300x150.png 300w, https:\/\/fpinop.wpia.uw.edu.pl\/wp-content\/uploads\/2025\/05\/ncn_opus-1024x512.png 1024w, https:\/\/fpinop.wpia.uw.edu.pl\/wp-content\/uploads\/2025\/05\/ncn_opus-768x384.png 768w, https:\/\/fpinop.wpia.uw.edu.pl\/wp-content\/uploads\/2025\/05\/ncn_opus-18x9.png 18w\" sizes=\"auto, (max-width: 1250px) 100vw, 1250px\" \/><\/figure>\n\n\n\n<h3 class=\"wp-block-heading has-medium-font-size\" style=\"line-height:1.6\"><strong>Zmiana poj\u0119ciowa czy poj\u0119ciowa manipulacja? Jak odr\u00f3\u017cni\u0107 naturaln\u0105 ewolucj\u0119 poj\u0119\u0107 prawnych od ich nadu\u017cycia<\/strong><\/h3>\n\n\n\n<p>Kierownik: prof. dr hab. Marcin Matczak<br><br>Projekt finansowany przez Narodowe Centrum Nauki, Opus 24 2022\/47\/B\/HS5\/0207<br><br>Okres realizacji: 2023 \u2013 2027<\/p>\n<\/div>\n\n\n\n<div class=\"wp-block-column is-layout-flow wp-block-column-is-layout-flow\" style=\"padding-right:0;padding-left:0\">\n<figure class=\"wp-block-image alignleft size-full\" style=\"margin-bottom:24px\"><img loading=\"lazy\" decoding=\"async\" width=\"1250\" height=\"625\" src=\"https:\/\/fpinop.wpia.uw.edu.pl\/wp-content\/uploads\/2025\/05\/ncn_opus.png\" alt=\"\" class=\"wp-image-1003\" srcset=\"https:\/\/fpinop.wpia.uw.edu.pl\/wp-content\/uploads\/2025\/05\/ncn_opus.png 1250w, https:\/\/fpinop.wpia.uw.edu.pl\/wp-content\/uploads\/2025\/05\/ncn_opus-300x150.png 300w, https:\/\/fpinop.wpia.uw.edu.pl\/wp-content\/uploads\/2025\/05\/ncn_opus-1024x512.png 1024w, https:\/\/fpinop.wpia.uw.edu.pl\/wp-content\/uploads\/2025\/05\/ncn_opus-768x384.png 768w, https:\/\/fpinop.wpia.uw.edu.pl\/wp-content\/uploads\/2025\/05\/ncn_opus-18x9.png 18w\" sizes=\"auto, (max-width: 1250px) 100vw, 1250px\" \/><\/figure>\n\n\n\n<h3 class=\"wp-block-heading has-medium-font-size\" style=\"line-height:1.6\"><strong>Konstytucjonalizm refleksyjny jako odpowied\u017a na kryzys wsp\u00f3\u0142czesnego konstytucjonalizmu<\/strong><\/h3>\n\n\n\n<p>Kierownik: dr Krzysztof Kaleta<br><br>Projekt finansowany przez Narodowe Centrum Nauki, Opus 22 2021\/43\/B\/HS5\/0041<br><br>Okres realizacji: 2022 \u2013 2025<\/p>\n<\/div>\n<\/div>\n\n\n\n<div class=\"wp-block-columns has-base-color has-accent-5-background-color has-text-color has-background has-link-color wp-elements-a5cd819cd3bfc293cca796b88f992a61 is-layout-flex wp-container-core-columns-is-layout-75a1593e wp-block-columns-is-layout-flex\" style=\"margin-top:0;margin-bottom:0;padding-top:0;padding-right:var(--wp--preset--spacing--60);padding-bottom:var(--wp--preset--spacing--40);padding-left:var(--wp--preset--spacing--60);box-shadow:var(--wp--preset--shadow--crisp)\">\n<div class=\"wp-block-column is-layout-flow wp-block-column-is-layout-flow\" style=\"padding-right:0;padding-left:0\">\n<figure class=\"wp-block-image alignleft size-full\" style=\"margin-bottom:24px\"><img loading=\"lazy\" decoding=\"async\" width=\"1250\" height=\"625\" src=\"https:\/\/fpinop.wpia.uw.edu.pl\/wp-content\/uploads\/2025\/05\/ncn_opus.png\" alt=\"\" class=\"wp-image-1003\" srcset=\"https:\/\/fpinop.wpia.uw.edu.pl\/wp-content\/uploads\/2025\/05\/ncn_opus.png 1250w, https:\/\/fpinop.wpia.uw.edu.pl\/wp-content\/uploads\/2025\/05\/ncn_opus-300x150.png 300w, https:\/\/fpinop.wpia.uw.edu.pl\/wp-content\/uploads\/2025\/05\/ncn_opus-1024x512.png 1024w, https:\/\/fpinop.wpia.uw.edu.pl\/wp-content\/uploads\/2025\/05\/ncn_opus-768x384.png 768w, https:\/\/fpinop.wpia.uw.edu.pl\/wp-content\/uploads\/2025\/05\/ncn_opus-18x9.png 18w\" sizes=\"auto, (max-width: 1250px) 100vw, 1250px\" \/><\/figure>\n\n\n\n<h3 class=\"wp-block-heading has-medium-font-size\" style=\"line-height:1.6\"><strong>Spojrzenie na rol\u0119 znaczenie literalnego w interpretacji prawa z perspektywy filozoficznej i j\u0119zykowej<\/strong><\/h3>\n\n\n\n<p>Kierownik: dr Maciej Kruk<br><br>Projekt finansowany przez Narodowe Centrum Nauki, Preludium 20 2021\/41\/N\/HS5\/04330<br><br>Okres realizacji: 2022 \u2013 2025<\/p>\n<\/div>\n\n\n\n<div class=\"wp-block-column is-layout-flow wp-block-column-is-layout-flow\" style=\"padding-right:0;padding-left:0\">\n<figure class=\"wp-block-image alignleft size-full\" style=\"margin-bottom:24px\"><img loading=\"lazy\" decoding=\"async\" width=\"1250\" height=\"625\" src=\"https:\/\/fpinop.wpia.uw.edu.pl\/wp-content\/uploads\/2025\/05\/ncn_opus.png\" alt=\"\" class=\"wp-image-1003\" srcset=\"https:\/\/fpinop.wpia.uw.edu.pl\/wp-content\/uploads\/2025\/05\/ncn_opus.png 1250w, https:\/\/fpinop.wpia.uw.edu.pl\/wp-content\/uploads\/2025\/05\/ncn_opus-300x150.png 300w, https:\/\/fpinop.wpia.uw.edu.pl\/wp-content\/uploads\/2025\/05\/ncn_opus-1024x512.png 1024w, https:\/\/fpinop.wpia.uw.edu.pl\/wp-content\/uploads\/2025\/05\/ncn_opus-768x384.png 768w, https:\/\/fpinop.wpia.uw.edu.pl\/wp-content\/uploads\/2025\/05\/ncn_opus-18x9.png 18w\" sizes=\"auto, (max-width: 1250px) 100vw, 1250px\" \/><\/figure>\n\n\n\n<h3 class=\"wp-block-heading has-medium-font-size\" style=\"line-height:1.6\"><strong>Jak uczyni\u0107 interpretacj\u0119 prawnicz\u0105 bardziej obiektywn\u0105. Zastosowanie naturalistycznej filozofii j\u0119zyka do prawa<\/strong><\/h3>\n\n\n\n<p>Kierownik: prof. dr hab. Marcin Matczak<br><br>Projekt finansowany przez Narodowe Centrum Nauki, Opus 19 2020\/37\/B\/HS5\/02589<br><br>Okres realizacji: 2021 \u2013 2025<\/p>\n<\/div>\n\n\n\n<div class=\"wp-block-column is-layout-flow wp-block-column-is-layout-flow\" style=\"padding-right:0;padding-left:0\">\n<figure class=\"wp-block-image alignleft size-full\" style=\"margin-bottom:24px\"><img loading=\"lazy\" decoding=\"async\" width=\"1250\" height=\"625\" src=\"https:\/\/fpinop.wpia.uw.edu.pl\/wp-content\/uploads\/2025\/05\/ncn_opus.png\" alt=\"\" class=\"wp-image-1003\" srcset=\"https:\/\/fpinop.wpia.uw.edu.pl\/wp-content\/uploads\/2025\/05\/ncn_opus.png 1250w, https:\/\/fpinop.wpia.uw.edu.pl\/wp-content\/uploads\/2025\/05\/ncn_opus-300x150.png 300w, https:\/\/fpinop.wpia.uw.edu.pl\/wp-content\/uploads\/2025\/05\/ncn_opus-1024x512.png 1024w, https:\/\/fpinop.wpia.uw.edu.pl\/wp-content\/uploads\/2025\/05\/ncn_opus-768x384.png 768w, https:\/\/fpinop.wpia.uw.edu.pl\/wp-content\/uploads\/2025\/05\/ncn_opus-18x9.png 18w\" sizes=\"auto, (max-width: 1250px) 100vw, 1250px\" \/><\/figure>\n\n\n\n<h3 class=\"wp-block-heading has-medium-font-size\" style=\"line-height:1.6\"><strong>Zwi\u0105zki mi\u0119dzy reform\u0105 polityczn\u0105 a s\u0105dowym podejmowaniem decyzji.<br>Studium odporno\u015bci s\u0105downictwa w Polsce<\/strong><\/h3>\n\n\n\n<p class=\"has-medium-font-size\" style=\"line-height:1.5\">Kierownik: dr hab. Jan Winczorek<br><br>Projekt finansowany przez Narodowe Centrum Nauki, Opus 27 2024\/53\/B\/HS5\/0114<br><br>Okres realizacji: 2025 \u2013 2029<\/p>\n<\/div>\n<\/div>\n\n\n\n<div class=\"wp-block-columns has-base-color has-accent-5-background-color has-text-color has-background has-link-color wp-elements-672f5d9ee929637a3d445595ca729741 is-layout-flex wp-container-core-columns-is-layout-75a1593e wp-block-columns-is-layout-flex\" style=\"margin-top:0;margin-bottom:0;padding-top:0;padding-right:var(--wp--preset--spacing--60);padding-bottom:var(--wp--preset--spacing--40);padding-left:var(--wp--preset--spacing--60);box-shadow:var(--wp--preset--shadow--crisp)\">\n<div class=\"wp-block-column is-layout-flow wp-block-column-is-layout-flow\" style=\"padding-right:0;padding-left:0\">\n<figure class=\"wp-block-image alignleft size-full\" style=\"margin-bottom:24px\"><img loading=\"lazy\" decoding=\"async\" width=\"1250\" height=\"625\" src=\"https:\/\/fpinop.wpia.uw.edu.pl\/wp-content\/uploads\/2025\/05\/ncn_opus.png\" alt=\"\" class=\"wp-image-1003\" srcset=\"https:\/\/fpinop.wpia.uw.edu.pl\/wp-content\/uploads\/2025\/05\/ncn_opus.png 1250w, https:\/\/fpinop.wpia.uw.edu.pl\/wp-content\/uploads\/2025\/05\/ncn_opus-300x150.png 300w, https:\/\/fpinop.wpia.uw.edu.pl\/wp-content\/uploads\/2025\/05\/ncn_opus-1024x512.png 1024w, https:\/\/fpinop.wpia.uw.edu.pl\/wp-content\/uploads\/2025\/05\/ncn_opus-768x384.png 768w, https:\/\/fpinop.wpia.uw.edu.pl\/wp-content\/uploads\/2025\/05\/ncn_opus-18x9.png 18w\" sizes=\"auto, (max-width: 1250px) 100vw, 1250px\" \/><\/figure>\n\n\n\n<h3 class=\"wp-block-heading has-medium-font-size\" style=\"line-height:1.6\"><strong>Inflacja prawa Unii Europejskiej: podej\u015bcie oparte na Empirycznej Jurysprudencji<\/strong><\/h3>\n\n\n\n<p>Kierownik: mgr Miko\u0142aj Ry\u015bkiewicz<br><br>Projekt finansowany przez Narodowe Centrum Nauki, Preludium 24 2025\/57\/N\/HS5\/03979<br><br><a href=\"https:\/\/ncn.gov.pl\/sites\/default\/files\/listy-rankingowe\/2025-03-17-mmatyB0da2\/streszczenia\/648289-pl.pdf\">Opis projektu<\/a><\/p>\n<\/div>\n\n\n\n<div class=\"wp-block-column is-layout-flow wp-block-column-is-layout-flow\" style=\"padding-right:0;padding-left:0\">\n<h3 class=\"wp-block-heading has-medium-font-size\" style=\"line-height:1.6\"><\/h3>\n<\/div>\n\n\n\n<div class=\"wp-block-column is-layout-flow wp-block-column-is-layout-flow\" style=\"padding-right:0;padding-left:0\">\n<h3 class=\"wp-block-heading has-medium-font-size\" style=\"line-height:1.6\"><\/h3>\n<\/div>\n<\/div>\n<\/div>\n","protected":false},"excerpt":{"rendered":"<p>Nasze projekty badawcze Prawnicze big data jako \u017ar\u00f3d\u0142o danych o nier\u00f3wno\u015bciach spo\u0142ecznych. Nier\u00f3wno\u015bci w zakresie legal capability w \u015bwietle danych z systemu nieodp\u0142atnej pomocy prawnej Kierownik: dr hab. Jan Winczorek Projekt finansowany przez IDUB Zmiana poj\u0119ciowa czy poj\u0119ciowa manipulacja? Jak odr\u00f3\u017cni\u0107 naturaln\u0105 ewolucj\u0119 poj\u0119\u0107 prawnych od ich nadu\u017cycia Kierownik: prof. dr hab. Marcin Matczak Projekt [&hellip;]<\/p>\n","protected":false},"author":1,"featured_media":0,"parent":0,"menu_order":0,"comment_status":"closed","ping_status":"closed","template":"","meta":{"_themeisle_gutenberg_block_has_review":false,"footnotes":""},"class_list":["post-173","page","type-page","status-publish","hentry"],"yoast_head":"<!-- This site is optimized with the Yoast SEO plugin v20.10 - https:\/\/yoast.com\/wordpress\/plugins\/seo\/ -->\n<title>- Katedra Filozofii Prawa i Nauki o Pa\u0144stwie<\/title>\n<meta name=\"robots\" content=\"index, follow, max-snippet:-1, max-image-preview:large, max-video-preview:-1\" \/>\n<link rel=\"canonical\" href=\"https:\/\/fpinop.wpia.uw.edu.pl\/index.php\/projekty\/\" \/>\n<meta property=\"og:locale\" content=\"pl_PL\" \/>\n<meta property=\"og:type\" content=\"article\" \/>\n<meta property=\"og:title\" content=\"- Katedra Filozofii Prawa i Nauki o Pa\u0144stwie\" \/>\n<meta property=\"og:description\" content=\"Nasze projekty badawcze Prawnicze big data jako \u017ar\u00f3d\u0142o danych o nier\u00f3wno\u015bciach spo\u0142ecznych. Nier\u00f3wno\u015bci w zakresie legal capability w \u015bwietle danych z systemu nieodp\u0142atnej pomocy prawnej Kierownik: dr hab. Jan Winczorek Projekt finansowany przez IDUB Zmiana poj\u0119ciowa czy poj\u0119ciowa manipulacja? Jak odr\u00f3\u017cni\u0107 naturaln\u0105 ewolucj\u0119 poj\u0119\u0107 prawnych od ich nadu\u017cycia Kierownik: prof. dr hab. Marcin Matczak Projekt [&hellip;]\" \/>\n<meta property=\"og:url\" content=\"https:\/\/fpinop.wpia.uw.edu.pl\/index.php\/projekty\/\" \/>\n<meta property=\"og:site_name\" content=\"Katedra Filozofii Prawa i Nauki o Pa\u0144stwie\" \/>\n<meta property=\"article:modified_time\" content=\"2025-12-02T12:48:15+00:00\" \/>\n<meta property=\"og:image\" content=\"https:\/\/fpinop.wpia.uw.edu.pl\/wp-content\/uploads\/2025\/05\/images.png\" \/>\n<meta name=\"twitter:card\" content=\"summary_large_image\" \/>\n<meta name=\"twitter:label1\" content=\"Szacowany czas czytania\" \/>\n\t<meta name=\"twitter:data1\" content=\"3 minuty\" \/>\n<script type=\"application\/ld+json\" class=\"yoast-schema-graph\">{\"@context\":\"https:\/\/schema.org\",\"@graph\":[{\"@type\":\"WebPage\",\"@id\":\"https:\/\/fpinop.wpia.uw.edu.pl\/index.php\/projekty\/\",\"url\":\"https:\/\/fpinop.wpia.uw.edu.pl\/index.php\/projekty\/\",\"name\":\"- Katedra Filozofii Prawa i Nauki o Pa\u0144stwie\",\"isPartOf\":{\"@id\":\"https:\/\/fpinop.wpia.uw.edu.pl\/#website\"},\"datePublished\":\"2023-06-18T20:06:07+00:00\",\"dateModified\":\"2025-12-02T12:48:15+00:00\",\"inLanguage\":\"pl-PL\",\"potentialAction\":[{\"@type\":\"ReadAction\",\"target\":[\"https:\/\/fpinop.wpia.uw.edu.pl\/index.php\/projekty\/\"]}]},{\"@type\":\"WebSite\",\"@id\":\"https:\/\/fpinop.wpia.uw.edu.pl\/#website\",\"url\":\"https:\/\/fpinop.wpia.uw.edu.pl\/\",\"name\":\"Katedra Filozofii Prawa i Nauki o Pa\u0144stwie\",\"description\":\"\",\"publisher\":{\"@id\":\"https:\/\/fpinop.wpia.uw.edu.pl\/#organization\"},\"potentialAction\":[{\"@type\":\"SearchAction\",\"target\":{\"@type\":\"EntryPoint\",\"urlTemplate\":\"https:\/\/fpinop.wpia.uw.edu.pl\/?s={search_term_string}\"},\"query-input\":\"required name=search_term_string\"}],\"inLanguage\":\"pl-PL\"},{\"@type\":\"Organization\",\"@id\":\"https:\/\/fpinop.wpia.uw.edu.pl\/#organization\",\"name\":\"Katedra Filozofii Prawa i Nauki o Pa\u0144stwie\",\"url\":\"https:\/\/fpinop.wpia.uw.edu.pl\/\",\"logo\":{\"@type\":\"ImageObject\",\"inLanguage\":\"pl-PL\",\"@id\":\"https:\/\/fpinop.wpia.uw.edu.pl\/#\/schema\/logo\/image\/\",\"url\":\"https:\/\/fpinop.wpia.uw.edu.pl\/wp-content\/uploads\/2025\/05\/cropped-Projekt-bez-nazwy.png\",\"contentUrl\":\"https:\/\/fpinop.wpia.uw.edu.pl\/wp-content\/uploads\/2025\/05\/cropped-Projekt-bez-nazwy.png\",\"width\":450,\"height\":227,\"caption\":\"Katedra Filozofii Prawa i Nauki o Pa\u0144stwie\"},\"image\":{\"@id\":\"https:\/\/fpinop.wpia.uw.edu.pl\/#\/schema\/logo\/image\/\"}}]}<\/script>\n<!-- \/ Yoast SEO plugin. -->","yoast_head_json":{"title":"- Katedra Filozofii Prawa i Nauki o Pa\u0144stwie","robots":{"index":"index","follow":"follow","max-snippet":"max-snippet:-1","max-image-preview":"max-image-preview:large","max-video-preview":"max-video-preview:-1"},"canonical":"https:\/\/fpinop.wpia.uw.edu.pl\/index.php\/projekty\/","og_locale":"pl_PL","og_type":"article","og_title":"- Katedra Filozofii Prawa i Nauki o Pa\u0144stwie","og_description":"Nasze projekty badawcze Prawnicze big data jako \u017ar\u00f3d\u0142o danych o nier\u00f3wno\u015bciach spo\u0142ecznych. Nier\u00f3wno\u015bci w zakresie legal capability w \u015bwietle danych z systemu nieodp\u0142atnej pomocy prawnej Kierownik: dr hab. Jan Winczorek Projekt finansowany przez IDUB Zmiana poj\u0119ciowa czy poj\u0119ciowa manipulacja? Jak odr\u00f3\u017cni\u0107 naturaln\u0105 ewolucj\u0119 poj\u0119\u0107 prawnych od ich nadu\u017cycia Kierownik: prof. dr hab. Marcin Matczak Projekt [&hellip;]","og_url":"https:\/\/fpinop.wpia.uw.edu.pl\/index.php\/projekty\/","og_site_name":"Katedra Filozofii Prawa i Nauki o Pa\u0144stwie","article_modified_time":"2025-12-02T12:48:15+00:00","og_image":[{"url":"https:\/\/fpinop.wpia.uw.edu.pl\/wp-content\/uploads\/2025\/05\/images.png"}],"twitter_card":"summary_large_image","twitter_misc":{"Szacowany czas czytania":"3 minuty"},"schema":{"@context":"https:\/\/schema.org","@graph":[{"@type":"WebPage","@id":"https:\/\/fpinop.wpia.uw.edu.pl\/index.php\/projekty\/","url":"https:\/\/fpinop.wpia.uw.edu.pl\/index.php\/projekty\/","name":"- Katedra Filozofii Prawa i Nauki o Pa\u0144stwie","isPartOf":{"@id":"https:\/\/fpinop.wpia.uw.edu.pl\/#website"},"datePublished":"2023-06-18T20:06:07+00:00","dateModified":"2025-12-02T12:48:15+00:00","inLanguage":"pl-PL","potentialAction":[{"@type":"ReadAction","target":["https:\/\/fpinop.wpia.uw.edu.pl\/index.php\/projekty\/"]}]},{"@type":"WebSite","@id":"https:\/\/fpinop.wpia.uw.edu.pl\/#website","url":"https:\/\/fpinop.wpia.uw.edu.pl\/","name":"Katedra Filozofii Prawa i Nauki o Pa\u0144stwie","description":"","publisher":{"@id":"https:\/\/fpinop.wpia.uw.edu.pl\/#organization"},"potentialAction":[{"@type":"SearchAction","target":{"@type":"EntryPoint","urlTemplate":"https:\/\/fpinop.wpia.uw.edu.pl\/?s={search_term_string}"},"query-input":"required name=search_term_string"}],"inLanguage":"pl-PL"},{"@type":"Organization","@id":"https:\/\/fpinop.wpia.uw.edu.pl\/#organization","name":"Katedra Filozofii Prawa i Nauki o Pa\u0144stwie","url":"https:\/\/fpinop.wpia.uw.edu.pl\/","logo":{"@type":"ImageObject","inLanguage":"pl-PL","@id":"https:\/\/fpinop.wpia.uw.edu.pl\/#\/schema\/logo\/image\/","url":"https:\/\/fpinop.wpia.uw.edu.pl\/wp-content\/uploads\/2025\/05\/cropped-Projekt-bez-nazwy.png","contentUrl":"https:\/\/fpinop.wpia.uw.edu.pl\/wp-content\/uploads\/2025\/05\/cropped-Projekt-bez-nazwy.png","width":450,"height":227,"caption":"Katedra Filozofii Prawa i Nauki o Pa\u0144stwie"},"image":{"@id":"https:\/\/fpinop.wpia.uw.edu.pl\/#\/schema\/logo\/image\/"}}]}},"_links":{"self":[{"href":"https:\/\/fpinop.wpia.uw.edu.pl\/index.php\/wp-json\/wp\/v2\/pages\/173","targetHints":{"allow":["GET"]}}],"collection":[{"href":"https:\/\/fpinop.wpia.uw.edu.pl\/index.php\/wp-json\/wp\/v2\/pages"}],"about":[{"href":"https:\/\/fpinop.wpia.uw.edu.pl\/index.php\/wp-json\/wp\/v2\/types\/page"}],"author":[{"embeddable":true,"href":"https:\/\/fpinop.wpia.uw.edu.pl\/index.php\/wp-json\/wp\/v2\/users\/1"}],"replies":[{"embeddable":true,"href":"https:\/\/fpinop.wpia.uw.edu.pl\/index.php\/wp-json\/wp\/v2\/comments?post=173"}],"version-history":[{"count":53,"href":"https:\/\/fpinop.wpia.uw.edu.pl\/index.php\/wp-json\/wp\/v2\/pages\/173\/revisions"}],"predecessor-version":[{"id":1714,"href":"https:\/\/fpinop.wpia.uw.edu.pl\/index.php\/wp-json\/wp\/v2\/pages\/173\/revisions\/1714"}],"wp:attachment":[{"href":"https:\/\/fpinop.wpia.uw.edu.pl\/index.php\/wp-json\/wp\/v2\/media?parent=173"}],"curies":[{"name":"wp","href":"https:\/\/api.w.org\/{rel}","templated":true}]}}